{"id":1792,"date":"2020-08-17T12:04:45","date_gmt":"2020-08-17T10:04:45","guid":{"rendered":"http:\/\/aero-x.ch\/datenschutz\/"},"modified":"2020-10-12T13:25:30","modified_gmt":"2020-10-12T11:25:30","slug":"privacy","status":"publish","type":"page","link":"https:\/\/aero-x.ch\/en\/privacy\/","title":{"rendered":"Privacy"},"content":{"rendered":"<div class=\"kontakt-page\">\n    <div class=\"col-md-12\">\n        <h1 style=\"color: #a7a9ac\">Privacy<\/h1>\n        <h1 style=\"color: #f58220; margin-bottom: 20px;\">Richtlinien zur Verwendung dieser Website<\/h1>\n    <\/div>\n    <div class=\"col-md-7\">\n        <div class=\"more-margin\"><p><strong>Allgemeiner Hinweis<\/strong><\/p>\n<p>Gest\u00fctzt auf Artikel 13 der schweizerischen Bundesverfassung und die datenschutzrechtlichen Bestimmungen des Bundes (Datenschutzgesetz, DSG) hat jede Person Anspruch auf\u00a0Schutz ihrer Privatsph\u00e4re sowie auf\u00a0Schutz vor Missbrauch ihrer pers\u00f6nlichen Daten. Die Betreiber dieser Seiten nehmen den Schutz Ihrer pers\u00f6nlichen Daten sehr ernst. Wir\u00a0behandeln Ihre personenbezogenen Daten vertraulich und entsprechend der\u00a0gesetzlichen Datenschutzvorschriften sowie dieser Datenschutzerkl\u00e4rung.<\/p>\n<p>In Zusammenarbeit mit unseren Hosting-Providern bem\u00fchen wir uns, die Datenbanken so gut wie m\u00f6glich vor fremden Zugriffen, Verlusten, Missbrauch oder vor F\u00e4lschung zu\u00a0sch\u00fctzen.<\/p>\n<p>Wir weisen darauf hin, dass die Daten\u00fcbertragung im Internet (z.B. bei der Kommunikation per E-Mail) Sicherheitsl\u00fccken aufweisen kann. Ein l\u00fcckenloser Schutz der Daten vor dem\u00a0Zugriff durch Dritte ist nicht m\u00f6glich.<\/p>\n<p>Durch die Nutzung dieser Website erkl\u00e4ren Sie sich mit der Erhebung, Verarbeitung und Nutzung von Daten gem\u00e4ss der nachfolgenden Beschreibung einverstanden. Diese Website\u00a0kann grunds\u00e4tzlich ohne\u00a0Registrierung besucht werden. Dabei werden Daten wie beispielsweise aufgerufene Seiten bzw. Namen der abgerufenen Datei, Datum und Uhrzeit zu\u00a0statistischen Zwecken auf dem Server gespeichert, ohne dass diese\u00a0Daten unmittelbar auf Ihre Person bezogen werden. Personenbezogene Daten, insbesondere Name, Adresse\u00a0oder E-Mail-Adresse werden soweit m\u00f6glich auf freiwilliger Basis erhoben. Ohne Ihre Einwilligung erfolgt\u00a0keine Weitergabe der Daten an Dritte.<\/p>\n<p><strong>Bearbeitung von Personendaten<\/strong><\/p>\n<p>Personendaten sind alle Angaben, die sich auf eine bestimmte oder bestimmbare Person beziehen. Eine betroffene Person ist eine Person, \u00fcber die Personendaten bearbeitet\u00a0werden. Bearbeiten umfasst jeden Umgang\u00a0mit Personendaten, unabh\u00e4ngig von den angewandten Mitteln und Verfahren, insbesondere das Aufbewahren, Bekanntgeben,\u00a0Beschaffen, L\u00f6schen, Speichern, Ver\u00e4ndern, Vernichten und Verwenden von Personendaten.<\/p>\n<p>Wir bearbeiten Personendaten im Einklang mit dem schweizerischen Datenschutzrecht.<\/p>\n<p><strong>Datenschutzerkl\u00e4rung f\u00fcr Cookies<\/strong><\/p>\n<p>Diese Website verwendet Cookies. Das sind kleine Textdateien, die es m\u00f6glich machen, auf dem Endger\u00e4t des Nutzers spezifische, auf den Nutzer bezogene Informationen zu\u00a0speichern, w\u00e4hrend er die Website nutzt.\u00a0Cookies erm\u00f6glichen es, insbesondere Nutzungsh\u00e4ufigkeit und Nutzeranzahl der Seiten zu ermitteln, Verhaltensweisen der Seitennutzung\u00a0zu analysieren, aber auch unser Angebot kundenfreundlicher zu gestalten.\u00a0Cookies bleiben \u00fcber das Ende einer Browser-Sitzung gespeichert und k\u00f6nnen bei einem erneuten\u00a0Seitenbesuch wieder aufgerufen werden. Wenn Sie das nicht w\u00fcnschen, sollten Sie Ihren Internetbrowser so einstellen,\u00a0dass er die Annahme von Cookies verweigert.<\/p>\n<p>Ein genereller Widerspruch gegen den Einsatz der zu Zwecken des Onlinemarketing eingesetzten Cookies kann bei einer Vielzahl der Dienste, vor allem im Fall des Trackings, \u00fcber\u00a0die US-amerikanische Seite\u00a0http:\/\/www.aboutads.info\/choices\/\u00a0oder die EU-Seite\u00a0http:\/\/www.youronlinechoices.com\/\u00a0erkl\u00e4rt werden. Des Weiteren kann die Speicherung von\u00a0Cookies mittels deren Abschaltung in den Einstellungen des Browsers\u00a0erreicht werden. Bitte beachten Sie, dass dann gegebenenfalls nicht alle Funktionen dieses Onlineangebotes\u00a0genutzt werden k\u00f6nnen.<\/p>\n<p><strong>Datenschutzerkl\u00e4rung f\u00fcr SSL-\/TLS-Verschl\u00fcsselung<\/strong><\/p>\n<p>Diese Website nutzt aus Gr\u00fcnden der Sicherheit und zum Schutz der \u00dcbertragung vertraulicher Inhalte, wie zum Beispiel der Anfragen, die Sie an uns als Seitenbetreiber senden,\u00a0eine SSL-\/TLS-Verschl\u00fcsselung. Eine\u00a0verschl\u00fcsselte Verbindung erkennen Sie daran, dass die Adresszeile des Browsers von \u201ehttp:\/\/\u201c auf \u201ehttps:\/\/\u201c wechselt und an dem Schloss-Symbol in Ihrer Browserzeile.<\/p>\n<p>Wenn die SSL bzw. TLS Verschl\u00fcsselung aktiviert ist, k\u00f6nnen die Daten, die Sie an uns \u00fcbermitteln, nicht von Dritten mitgelesen werden.<\/p>\n<p><strong>Dienste von Dritten<\/strong><\/p>\n<p>Diese Website verwenden allenfalls Google Maps f\u00fcr das Einbetten von Karten, Google Invisible reCAPTCHA f\u00fcr den Schutz gegen Bots und Spam sowie YouTube f\u00fcr das Einbetten\u00a0von Videos.<\/p>\n<p>Diese Dienste der amerikanischen Google LLC verwenden unter anderem Cookies und infolgedessen werden Daten an Google in den USA \u00fcbertragen, wobei wir davon ausgehen,\u00a0dass in diesem Rahmen kein\u00a0personenbezogenes Tracking allein durch die Nutzung unserer Website stattfindet.<\/p>\n<p>Google hat sich verpflichtet, einen angemessenen Datenschutz gem\u00e4ss dem amerikanisch-europ\u00e4ischen und dem amerikanisch-schweizerischen Privacy Shield zu gew\u00e4hrleisten.<\/p>\n<p>Weitere Informationen finden sich in der\u00a0Datenschutzerkl\u00e4rung von Google.<\/p>\n<p><strong>Datenschutzerkl\u00e4rung f\u00fcr Kontaktformular<\/strong><\/p>\n<p>Wenn Sie uns per Kontaktformular Anfragen zukommen lassen, werden Ihre Angaben aus dem Anfrageformular inklusive der von Ihnen dort angegebenen Kontaktdaten zwecks\u00a0Bearbeitung der Anfrage und f\u00fcr den Fall\u00a0von Anschlussfragen bei uns gespeichert. Diese Daten geben wir nicht ohne Ihre Einwilligung weiter.<\/p>\n<p><strong>Datenschutzerkl\u00e4rung f\u00fcr Newsletterdaten<\/strong><\/p>\n<p>Wenn Sie den auf dieser Website angebotenen Newsletter beziehen m\u00f6chten, ben\u00f6tigen wir von Ihnen eine E-Mail-Adresse sowie Informationen, welche uns die \u00dcberpr\u00fcfung\u00a0gestatten, dass Sie der Inhaber der\u00a0angegebenen E-Mail-Adresse sind und mit dem Empfang des Newsletters einverstanden sind. Weitere Daten werden nicht erhoben. Diese Daten\u00a0verwenden wir ausschliesslich f\u00fcr den Versand der angeforderten\u00a0Informationen und geben sie nicht an Dritte weiter.<\/p>\n<p>Die erteilte Einwilligung zur Speicherung der Daten, der E-Mail-Adresse sowie deren Nutzung zum Versand des Newsletters k\u00f6nnen Sie jederzeit widerrufen, etwa \u00fcber den\u00a0\u00abAustragen-Link\u00bb im Newsletter.<\/p>\n<p><strong>Verwendung von Google Maps<\/strong><\/p>\n<p>Diese Website nutzt das Angebot von Google Maps. Dadurch k\u00f6nnen wir Ihnen interaktive Karten direkt in der Website anzeigen und erm\u00f6glichen Ihnen die komfortable Nutzung\u00a0der Karten-Funktion. Durch den\u00a0Besuch auf der Website erh\u00e4lt Google die Information, dass Sie die entsprechende Unterseite unserer Website aufgerufen haben. Dies erfolgt\u00a0unabh\u00e4ngig davon, ob Google ein Nutzerkonto bereitstellt, \u00fcber das Sie\u00a0eingeloggt sind, oder ob kein Nutzerkonto besteht. Wenn Sie bei Google eingeloggt sind, werden Ihre\u00a0Daten direkt Ihrem Konto zugeordnet. Wenn Sie die Zuordnung mit Ihrem Profil bei Google nicht w\u00fcnschen,\u00a0m\u00fcssen Sie sich vor Aktivierung des Buttons ausloggen. Google\u00a0speichert Ihre Daten als Nutzungsprofile und nutzt sie f\u00fcr Zwecke der Werbung, Marktforschung und\/oder bedarfsgerechten Gestaltung seiner Website.\u00a0Eine solche Auswertung\u00a0erfolgt insbesondere (selbst f\u00fcr nicht eingeloggte Nutzer) zur Erbringung von bedarfsgerechter Werbung und um andere Nutzer des sozialen Netzwerks \u00fcber Ihre Aktivit\u00e4ten auf\u00a0unserer Website\u00a0zu informieren. Ihnen steht ein Widerspruchsrecht zu gegen die Bildung dieser Nutzerprofile, wobei Sie sich zur Aus\u00fcbung dessen an Google richten m\u00fcssen.\u00a0Weitere Informationen zu Zweck und Umfang der\u00a0Datenerhebung und ihrer Verarbeitung durch Google erhalten Sie neben weiteren Informationen zu Ihren diesbez\u00fcglichen\u00a0Rechten und Einstellungsm\u00f6glichkeiten zum Schutze Ihrer Privatsph\u00e4re unter:\u00a0www.google.de\/intl\/de\/policies\/privacy.<\/p>\n<p><strong>Einsatz von Google Remarketing<\/strong><\/p>\n<p>Diese Website verwendet die Remarketing-Funktion der Google Inc. Die Funktion dient dazu, Websitenbesuchern innerhalb des Google-Werbenetzwerks interessenbezogene\u00a0Werbeanzeigen zu pr\u00e4sentieren. Im\u00a0Browser des Websitenbesuchers wird ein sog. \u201eCookie\u201c gespeichert, der es erm\u00f6glicht, den Besucher wiederzuerkennen, wenn dieser Websiten\u00a0aufruft, die dem Werbenetzwerk von Google angeh\u00f6ren. Auf diesen Seiten\u00a0k\u00f6nnen dem Besucher Werbeanzeigen pr\u00e4sentiert werden, die sich auf Inhalte beziehen, die der\u00a0Besucher zuvor auf Websiten aufgerufen hat, die die Remarketing Funktion von Google verwenden.<\/p>\n<p>Nach eigenen Angaben erhebt Google bei diesem Vorgang keine personenbezogenen Daten. Sollten Sie die Funktion Remarketing von Google dennoch nicht w\u00fcnschen, k\u00f6nnen\u00a0Sie diese grunds\u00e4tzlich deaktivieren,\u00a0indem Sie die entsprechenden Einstellungen unter\u00a0http:\/\/www.google.com\/settings\/ads\u00a0vornehmen. Alternativ k\u00f6nnen Sie den Einsatz von\u00a0Cookies f\u00fcr interessenbezogene Werbung \u00fcber die Werbenetzwerkinitiative\u00a0deaktivieren, indem Sie den Anweisungen unter\u00a0http:\/\/www.networkadvertising.org\/managing\/opt_out.asp\u00a0folgen.<\/p>\n<p><strong>Verwendung von Google reCAPTCHA<\/strong><\/p>\n<p>Diese Website verwendet den Dienst reCAPTCHA der Google Inc. (1600 Amphitheatre Parkway, Mountain View, CA 94043, USA; \u201eGoogle\u201c). Die Abfrage dient dem Zweck der\u00a0Unterscheidung, ob die Eingabe durch\u00a0einen Menschen oder durch automatisierte, maschinelle Verarbeitung erfolgt. Die Abfrage schliesst den Versand der IP-Adresse und ggf.\u00a0weiterer von Google f\u00fcr den Dienst reCAPTCHA ben\u00f6tigter Daten an Google ein.\u00a0Zu diesem Zweck wird Ihre Eingabe an Google \u00fcbermittelt und dort weiter verwendet. Ihre IP-Adresse wird von Google jedoch innerhalb von Mitgliedstaaten der Europ\u00e4ischen Union oder in anderen Vertragsstaaten des\u00a0Abkommens \u00fcber den Europ\u00e4ischen Wirtschaftsraum\u00a0zuvor gek\u00fcrzt. Nur in Ausnahmef\u00e4llen wird die volle IP-Adresse an einen Server von Google in den USA \u00fcbertragen und dort gek\u00fcrzt. Im Auftrag des Betreibers\u00a0dieser Website wird\u00a0Google diese Informationen benutzen, um Ihre Nutzung dieses Dienstes auszuwerten. Die im Rahmen von reCaptcha von Ihrem Browser \u00fcbermittelte IP-Adresse wird nicht mit\u00a0anderen Daten von\u00a0Google zusammengef\u00fchrt. Ihre Daten werden dabei gegebenenfalls auch in die USA \u00fcbermittelt. F\u00fcr Daten\u00fcbermittlungen in die USA ist ein\u00a0Angemessenheitsbeschluss der Europ\u00e4ischen Kommission, das \u201ePrivacy\u00a0Shield\u201c, vorhanden. Google nimmt am \u201ePrivacy Shield\u201c teil und hat sich den Vorgaben unterworfen. Mit\u00a0Bet\u00e4tigen der Abfrage willigen Sie in die Verarbeitung Ihrer Daten ein. Die Verarbeitung erfolgt auf Grundlage des\u00a0Art. 6 (1) lit. a DSGVO mit Ihrer Einwilligung. Sie k\u00f6nnen Ihre\u00a0Einwilligung jederzeit widerrufen, ohne dass die Rechtm\u00e4ssigkeit der aufgrund der Einwilligung bis zum Widerruf erfolgten Verarbeitung ber\u00fchrt wird.<\/p>\n<p>N\u00e4here Informationen zu Google reCAPTCHA sowie die dazugeh\u00f6rige Datenschutzerkl\u00e4rung finden Sie unter:\u00a0https:\/\/www.google.com\/privacy\/ads\/<\/p>\n<p><strong>Datenschutzerkl\u00e4rung f\u00fcr Google Analytics<\/strong><\/p>\n<p>Diese Website benutzt Google Analytics, einen Webanalysedienst der Google Ireland Limited. Wenn der Verantwortliche f\u00fcr die Datenverarbeitung auf dieser Website ausserhalb\u00a0des Europ\u00e4ischen Wirtschaftsraumes\u00a0oder der Schweiz sitzt, dann erfolgt die Google Analytics Datenverarbeitung durch Google LLC. Google LLC und Google Ireland Limited\u00a0werden nachfolgend \u00abGoogle\u00bb genannt.<\/p>\n<p>\u00dcber die gewonnenen Statistiken k\u00f6nnen wir unser Angebot verbessern und f\u00fcr Sie als Nutzer interessanter ausgestalten. Diese Website verwendet Google Analytics zudem f\u00fcr eine\u00a0ger\u00e4te\u00fcbergreifende Analyse von\u00a0Besucherstr\u00f6men, die \u00fcber eine User-ID durchgef\u00fchrt wird. Sofern Sie \u00fcber ein Google-Benutzerkonto verf\u00fcgen, k\u00f6nnen Sie in den dortigen\u00a0Einstellungen unter \u00abMeine Daten\u00bb, \u00abpers\u00f6nliche Daten\u00bb die\u00a0ger\u00e4te\u00fcbergreifende Analyse Ihrer Nutzung deaktivieren.<\/p>\n<p>Rechtsgrundlage f\u00fcr die Nutzung von Google Analytics ist Art. 6 Abs. 1 S. 1 lit. f DS-GVO. Die im Rahmen von Google Analytics von Ihrem Browser \u00fcbermittelte IP-Adresse wird nicht\u00a0mit anderen Daten von Google\u00a0zusammengef\u00fchrt. Wir weisen Sie darauf hin, dass auf dieser Website Google Analytics um den Code \u00ab_anonymizeIp();\u00bb erweitert wurde, um eine\u00a0anonymisierte Erfassung von IP-Adressen zu gew\u00e4hrleisten. Dadurch\u00a0werden IP-Adressen gek\u00fcrzt weiterverarbeitet, eine Personenbeziehbarkeit kann damit ausgeschlossen werden.\u00a0Soweit den \u00fcber Sie erhobenen Daten ein Personenbezug zukommt, wird dieser also sofort ausgeschlossen\u00a0und die personenbezogenen Daten damit umgehend gel\u00f6scht.<\/p>\n<p>Nur in Ausnahmef\u00e4llen wird die volle IP-Adresse an einen Server von Google in den USA \u00fcbertragen und dort gek\u00fcrzt. Im Auftrag des Betreibers dieser Website wird Google diese\u00a0Informationen benutzen, um Ihre\u00a0Nutzung der Website auszuwerten, um Reports \u00fcber die Websitenaktivit\u00e4ten zusammenzustellen und um weitere mit der Websitennutzung und der\u00a0Internetnutzung verbundene Dienstleistungen gegen\u00fcber dem\u00a0Websitenbetreiber zu erbringen. F\u00fcr die Ausnahmef\u00e4lle, in denen personenbezogene Daten in die USA \u00fcbertragen\u00a0werden, hat sich Google dem EU-US Privacy Shield unterworfen,\u00a0https:\/\/www.privacyshield.gov\/EU-US-Framework.<\/p>\n<p>Google Analytics verwendet Cookies. Die durch den Cookie erzeugten Informationen \u00fcber Ihre Benutzung dieser Website werden in der Regel an einen Server von Google in den\u00a0USA \u00fcbertragen und dort gespeichert.\u00a0Sie k\u00f6nnen die Speicherung der Cookies durch eine entsprechende Einstellung Ihrer Browser-Software verhindern; wir weisen Sie jedoch\u00a0darauf hin, dass Sie in diesem Fall gegebenenfalls nicht s\u00e4mtliche Funktionen\u00a0dieser Website vollumf\u00e4nglich werden nutzen k\u00f6nnen. Sie k\u00f6nnen dar\u00fcber hinaus die Erfassung der\u00a0durch das Cookie erzeugten und auf Ihre Nutzung der Website bezogenen Daten (inkl. Ihrer IP-Adresse) an Google\u00a0sowie die Verarbeitung dieser Daten durch Google verhindern,\u00a0indem sie das unter dem folgenden Link verf\u00fcgbare Browser-Plugin herunterladen und installieren:\u00a0Google Analytics deaktivieren.<\/p>\n<p>Ausserdem k\u00f6nnen Sie die Nutzung von Google Analytics auch verhindern, indem sie auf diesen Link klicken:\u00a0Google Analytics deaktivieren. Hierdurch wird ein sog. opt-out Cookie\u00a0auf ihrem Datentr\u00e4ger gespeichert,\u00a0der die Verarbeitung personenbezogener Daten durch Google Analytics verhindert. Bitte beachten Sie, dass bei einem L\u00f6schen s\u00e4mtlicher\u00a0Cookies auf Ihrem Endger\u00e4t auch diese Opt-out-Cookies gel\u00f6scht werden, d.h.,\u00a0dass Sie erneut die Opt-out-Cookies setzen m\u00fcssen, wenn Sie weiterhin diese Form der\u00a0Datenerhebung verhindern wollen. Die Opt-out-Cookies sind pro Browser und Rechner\/Endger\u00e4t gesetzt und m\u00fcssen daher f\u00fcr\u00a0jeden Browser, Rechner oder anderes Endger\u00e4t\u00a0gesondert aktiviert werden.<\/p>\n<p><strong>Datenschutzerkl\u00e4rung f\u00fcr LinkedIn<\/strong><\/p>\n<p>Diese Website nutzt Funktionen des Netzwerks LinkedIn. Anbieter ist die LinkedIn Corporation, 2029 Stierlin Court, Mountain View, CA 94043, USA. Bei jedem Abruf einer unserer\u00a0Seiten, die Funktionen von LinkedIn\u00a0enth\u00e4lt, wird eine Verbindung zu Servern von LinkedIn aufbaut. LinkedIn wird dar\u00fcber informiert, dass Sie unsere Internetseiten mit Ihrer IP-Adresse besucht haben. Wenn Sie den \u201eRecommend-Button\u201c von LinkedIn\u00a0anklicken und in Ihrem Account bei LinkedIn eingeloggt sind, ist es LinkedIn m\u00f6glich, Ihren Besuch auf\u00a0unserer Internetseite Ihnen und Ihrem Benutzerkonto zuzuordnen. Wir weisen darauf hin, dass wir als Anbieter der\u00a0Seiten keine Kenntnis vom Inhalt der \u00fcbermittelten Daten sowie\u00a0deren Nutzung durch LinkedIn haben.<\/p>\n<p>Weitere Informationen hierzu finden Sie in der Datenschutzerkl\u00e4rung von LinkedIn unter:\u00a0https:\/\/www.linkedin.com\/legal\/privacy-policy<\/p>\n<p><strong>Newsletter \u2013 Mailchimp<\/strong><\/p>\n<p>Der Versand der Newsletter erfolgt mittels des Versanddienstleisters \u201aMailChimp\u2018, einer Newsletterversandplattform des US-Anbieters Rocket Science Group, LLC, 675 Ponce De\u00a0Leon Ave NE #5000, Atlanta, GA 30308,\u00a0USA. Die Datenschutzbestimmungen des Versanddienstleisters k\u00f6nnen Sie\u00a0hier\u00a0einsehen. The Rocket Science Group LLC d\/b\/a MailChimp\u00a0ist unter dem Privacy-Shield-Abkommen zertifiziert und bietet hierdurch eine\u00a0Garantie, das europ\u00e4isches Datenschutzniveau einzuhalten (PrivacyShield). Der Versanddienstleister\u00a0wird auf Grundlage unserer berechtigten Interessen gem. Art. 6 Abs. 1 lit. f DSGVO und eines\u00a0Auftragsverarbeitungsvertrages gem. Art. 28 Abs. 3 S. 1 DSGVO eingesetzt.<\/p>\n<p>Der Versanddienstleister kann die Daten der Empf\u00e4nger in pseudonymer Form, d.h. ohne Zuordnung zu einem Nutzer, zur Optimierung oder Verbesserung der eigenen Services\u00a0nutzen, z.B. zur technischen Optimierung\u00a0des Versandes und der Darstellung der Newsletter oder f\u00fcr statistische Zwecke verwenden. Der Versanddienstleister nutzt die Daten\u00a0unserer Newsletterempf\u00e4nger jedoch nicht, um diese selbst anzuschreiben oder um\u00a0die Daten an Dritte weiterzugeben.<\/p>\n<p><strong>Datenschutzerkl\u00e4rung f\u00fcr YouTube<\/strong><\/p>\n<p>Diese Website nutzt Plugins der von Google betriebenen Seite YouTube. Betreiber der Seiten ist die YouTube, LLC, 901 Cherry Ave., San Bruno, CA 94066, USA. Wenn Sie eine\u00a0unserer mit einem YouTube-Plugin\u00a0ausgestatteten Seiten besuchen, wird eine Verbindung zu den Servern von YouTube hergestellt. Dabei wird dem Youtube-Server mitgeteilt,\u00a0welche unserer Seiten Sie besucht haben.<\/p>\n<p>Wenn Sie in Ihrem YouTube-Account eingeloggt sind erm\u00f6glichen Sie YouTube, Ihr Surfverhalten direkt Ihrem pers\u00f6nlichen Profil zuzuordnen. Dies k\u00f6nnen Sie verhindern, indem Sie\u00a0sich aus Ihrem YouTube-Account\u00a0ausloggen.<\/p>\n<p>Weitere Informationen zum Umgang von Nutzerdaten finden Sie in der Datenschutzerkl\u00e4rung von YouTube unter:\u00a0https:\/\/www.google.de\/intl\/de\/policies\/privacy<\/p>\n<p><strong>Urheberrechte<\/strong><\/p>\n<p>Die Urheber- und alle anderen Rechte an Inhalten, Bildern, Fotos oder anderen Dateien auf der Website, geh\u00f6ren ausschliesslich dem Betreiber dieser Website oder den speziell\u00a0genannten Rechteinhabern. Fu\u0308r die\u00a0Reproduktion von s\u00e4mtlichen Dateien, ist die schriftliche Zustimmung des Urheberrechtstr\u00e4gers im Voraus einzuholen.<\/p>\n<p>Wer ohne Einwilligung des jeweiligen Rechteinhabers eine Urheberrechtsverletzung begeht, kann sich strafbar und allenfalls schadenersatzpflichtig machen.<\/p>\n<p><strong>Allgemeiner Haftungsausschluss<\/strong><\/p>\n<p>Alle Angaben unseres Internetangebotes wurden sorgf\u00e4ltig gepr\u00fcft. Wir bem\u00fchen uns, unser Informationsangebot aktuell, inhaltlich richtig und vollst\u00e4ndig anzubieten. Trotzdem\u00a0kann das Auftreten von Fehlern nicht\u00a0v\u00f6llig ausgeschlossen werden, womit wir keine Garantie f\u00fcr Vollst\u00e4ndigkeit, Richtigkeit und Aktualit\u00e4t von Informationen auch journalistisch-redaktioneller Art \u00fcbernehmen k\u00f6nnen. Haftungsanspr\u00fcche aus Sch\u00e4den\u00a0materieller oder ideeller Art, die durch die Nutzung der angebotenen Informationen verursacht wurden,\u00a0sind ausgeschlossen, sofern kein nachweislich vors\u00e4tzliches oder grob fahrl\u00e4ssiges Verschulden vorliegt.<\/p>\n<p>Der Herausgeber kann nach eigenem Ermessen und ohne Ank\u00fcndigung Texte ver\u00e4ndern oder l\u00f6schen und ist nicht verpflichtet, Inhalte dieser Website zu aktualisieren. Die\u00a0Benutzung bzw. der Zugang zu dieser Website\u00a0geschieht auf eigene Gefahr des Besuchers. Der Herausgeber, seine Auftraggeber oder Partner sind nicht verantwortlich f\u00fcr Sch\u00e4den,\u00a0wie direkte, indirekte, zuf\u00e4llige, vorab konkret zu bestimmende oder Folgesch\u00e4den,\u00a0die angeblich durch den Besuch dieser Website entstanden sind und \u00fcbernehmen hierf\u00fcr\u00a0folglich keine Haftung.<\/p>\n<p>Der Herausgeber \u00fcbernimmt ebenfalls keine Verantwortung und Haftung f\u00fcr die Inhalte und die Verf\u00fcgbarkeit von Website Dritter, die \u00fcber externe Links dieser Website erreichbar\u00a0sind. F\u00fcr den Inhalt der verlinkten\u00a0Seiten sind ausschliesslich deren Betreiber verantwortlich. Der Herausgeber distanziert sich damit ausdr\u00fccklich von allen Inhalten Dritter, die\u00a0m\u00f6glicherweise straf- oder haftungsrechtlich relevant sind oder gegen die\u00a0guten Sitten verstossen.<\/p>\n<p><strong>\u00c4nderungen<\/strong><\/p>\n<p>Wir k\u00f6nnen diese Datenschutzerkl\u00e4rung jederzeit ohne Vorank\u00fcndigung anpassen. Es gilt die jeweils aktuelle, auf unserer Website publizierte Fassung. Soweit die Datenschutzerkl\u00e4rung Teil einer Vereinbarung mit Ihnen ist, werden wir Sie im Falle einer Aktualisierung \u00fcber die \u00c4nderung per E-Mail oder auf andere geeignete Weise informieren.<\/p>\n<\/div>\n    <\/div>\n    <div class=\"col-md-4 col-md-offset-1\">\n        <div class=\"col-maps\">\n                        <a href=\"\"target=\"_blank\">\n            <img loading=\"lazy\" decoding=\"async\" width=\"450\" height=\"250\" src=\"https:\/\/aero-x.ch\/wp-content\/uploads\/2020\/07\/maps-aero-x-450x250.jpg\" class=\"attachment-middle-image size-middle-image\" alt=\"Aero-X Adresse\" srcset=\"https:\/\/aero-x.ch\/wp-content\/uploads\/2020\/07\/maps-aero-x-450x250.jpg 450w, https:\/\/aero-x.ch\/wp-content\/uploads\/2020\/07\/maps-aero-x.jpg 720w\" sizes=\"auto, (max-width: 450px) 100vw, 450px\" \/>            <\/a>\n        <\/div>\n        <div class=\"col-text\">\n            <p><strong>Aero-X AG<\/strong><\/p>\n<p>Wettingerstrasse 19<br \/>\nCH-5400 Baden<br \/>\nSchweiz<\/p>\n<p>T +41 43 521 25 50<br \/>\nF +41 43 521 25 59<br \/>\n<a href=\"mailto:info@aero-x.com\">info@aero-x.com<\/a><br \/>\n<a href=\"http:\/\/www.aero-x.com\">www.aero-x.com<\/a><\/p>\n        <\/div>\n    <\/div>\n<\/div>\n","protected":false},"excerpt":{"rendered":"","protected":false},"author":2,"featured_media":0,"parent":0,"menu_order":0,"comment_status":"closed","ping_status":"closed","template":"","meta":{"_acf_changed":false,"inline_featured_image":false,"_uag_custom_page_level_css":"","footnotes":""},"class_list":["post-1792","page","type-page","status-publish","hentry"],"acf":[],"uagb_featured_image_src":{"full":false,"thumbnail":false,"medium":false,"medium_large":false,"large":false,"1536x1536":false,"2048x2048":false,"header-big":false,"header-small":false,"branchen":false,"middle-image":false,"portrait":false,"produkte":false},"uagb_author_info":{"display_name":"sonia","author_link":"https:\/\/aero-x.ch\/en\/author\/sonia\/"},"uagb_comment_info":0,"uagb_excerpt":null,"_links":{"self":[{"href":"https:\/\/aero-x.ch\/en\/wp-json\/wp\/v2\/pages\/1792","targetHints":{"allow":["GET"]}}],"collection":[{"href":"https:\/\/aero-x.ch\/en\/wp-json\/wp\/v2\/pages"}],"about":[{"href":"https:\/\/aero-x.ch\/en\/wp-json\/wp\/v2\/types\/page"}],"author":[{"embeddable":true,"href":"https:\/\/aero-x.ch\/en\/wp-json\/wp\/v2\/users\/2"}],"replies":[{"embeddable":true,"href":"https:\/\/aero-x.ch\/en\/wp-json\/wp\/v2\/comments?post=1792"}],"version-history":[{"count":0,"href":"https:\/\/aero-x.ch\/en\/wp-json\/wp\/v2\/pages\/1792\/revisions"}],"wp:attachment":[{"href":"https:\/\/aero-x.ch\/en\/wp-json\/wp\/v2\/media?parent=1792"}],"curies":[{"name":"wp","href":"https:\/\/api.w.org\/{rel}","templated":true}]}}