{"id":1796,"date":"2020-08-17T11:59:46","date_gmt":"2020-08-17T09:59:46","guid":{"rendered":"http:\/\/aero-x.ch\/impressum\/"},"modified":"2020-10-12T13:28:20","modified_gmt":"2020-10-12T11:28:20","slug":"imprint","status":"publish","type":"page","link":"https:\/\/aero-x.ch\/en\/imprint\/","title":{"rendered":"Imprint"},"content":{"rendered":"<div class=\"kontakt-page\">\n    <div class=\"col-md-12\">\n        <h1 style=\"color: #a7a9ac\">Imprint<\/h1>\n        <h1 style=\"color: #f58220; margin-bottom: 20px;\">Kontaktieren Sie uns<\/h1>\n    <\/div>\n    <div class=\"col-md-7\">\n        <div class=\"more-margin\"><p><strong>Kontakt-Adresse<\/strong><br \/>\nAero-X AG<br \/>\nWettingerstrasse 19<br \/>\nCH-5400 Baden<br \/>\nSchweiz<\/p>\n<p><strong>Vertretungsberechtigte Person(en)<\/strong><br \/>\nPaul van Trigt, Gesch\u00e4ftsf\u00fchrer<\/p>\n<p><strong>Webentwicklung und Umsetzung<br \/>\n<\/strong>180\u00b0<br \/>\nmarketing + communications gmbh<br \/>\nhaus zum alten storchen<br \/>\noltnerstrasse 14<br \/>\n5012 sch\u00f6nenwerd<br \/>\n<a href=\"http:\/\/180grad.ch\/\">180grad.ch<\/a><\/p>\n<p><strong>Fotomaterial<br \/>\n<\/strong>@Aero-X, @Adobe Stock, @Shutterstock<\/p>\n<p><strong>Haftungsausschluss<\/strong><br \/>\nDer Autor \u00fcbernimmt keinerlei Gew\u00e4hr hinsichtlich der inhaltlichen Richtigkeit, Genauigkeit, Aktualit\u00e4t, Zuverl\u00e4ssigkeit und Vollst\u00e4ndigkeit der Informationen.<\/p>\n<p>Haftungsanspr\u00fcche gegen den Autor wegen Sch\u00e4den materieller oder immaterieller Art, welche aus dem Zugriff oder der Nutzung bzw. Nichtnutzung der ver\u00f6ffentlichten\u00a0Informationen, durch Missbrauch der\u00a0Verbindung oder durch technische St\u00f6rungen entstanden sind, werden ausgeschlossen.<\/p>\n<p>Alle Angebote sind unverbindlich. Der Autor beh\u00e4lt es sich ausdr\u00fccklich vor, Teile der Seiten oder das gesamte Angebot ohne besondere Ank\u00fcndigung zu ver\u00e4ndern, zu erg\u00e4nzen,\u00a0zu l\u00f6schen oder die Ver\u00f6ffentlichung\u00a0zeitweise oder endg\u00fcltig einzustellen.<\/p>\n<p><strong>Haftungsausschluss f\u00fcr Links<\/strong><br \/>\nVerweise und Links auf Webseiten Dritter liegen ausserhalb unseres Verantwortungsbereichs. Es wird jegliche Verantwortung f\u00fcr solche Webseiten abgelehnt. Der Zugriff und die Nutzung solcher Webseiten erfolgen auf eigene Gefahr des jeweiligen Nutzers.<\/p>\n<p><strong>Urheberrechte<\/strong><br \/>\nDie Urheber- und alle anderen Rechte an Inhalten, Bildern, Fotos oder anderen Dateien auf dieser Website, geh\u00f6ren ausschliesslich der Firma Aero-X oder den speziell genannten Rechteinhabern. F\u00fcr die Reproduktion jeglicher Elemente ist die schriftliche Zustimmung des Urheberrechtstr\u00e4gers im Voraus einzuholen.<\/p>\n<\/div>\n    <\/div>\n    <div class=\"col-md-4 col-md-offset-1\">\n        <div class=\"col-maps\">\n                        <a href=\"\"target=\"_blank\">\n            <img loading=\"lazy\" decoding=\"async\" width=\"450\" height=\"250\" src=\"https:\/\/aero-x.ch\/wp-content\/uploads\/2020\/07\/maps-aero-x-450x250.jpg\" class=\"attachment-middle-image size-middle-image\" alt=\"Aero-X Adresse\" srcset=\"https:\/\/aero-x.ch\/wp-content\/uploads\/2020\/07\/maps-aero-x-450x250.jpg 450w, https:\/\/aero-x.ch\/wp-content\/uploads\/2020\/07\/maps-aero-x.jpg 720w\" sizes=\"auto, (max-width: 450px) 100vw, 450px\" \/>            <\/a>\n        <\/div>\n        <div class=\"col-text\">\n            <p><strong>Aero-X AG<\/strong><\/p>\n<p>Wettingerstrasse 19<br \/>\nCH-5400 Baden<br \/>\nSchweiz<\/p>\n<p>T +41 43 521 25 50<br \/>\nF +41 43 521 25 59<br \/>\n<a href=\"mailto:info@aero-x.com\">info@aero-x.com<\/a><br \/>\n<a href=\"http:\/\/www.aero-x.com\">www.aero-x.com<\/a><\/p>\n        <\/div>\n    <\/div>\n<\/div>\n","protected":false},"excerpt":{"rendered":"","protected":false},"author":2,"featured_media":0,"parent":0,"menu_order":0,"comment_status":"closed","ping_status":"closed","template":"","meta":{"_acf_changed":false,"inline_featured_image":false,"_uag_custom_page_level_css":"","footnotes":""},"class_list":["post-1796","page","type-page","status-publish","hentry"],"acf":[],"uagb_featured_image_src":{"full":false,"thumbnail":false,"medium":false,"medium_large":false,"large":false,"1536x1536":false,"2048x2048":false,"header-big":false,"header-small":false,"branchen":false,"middle-image":false,"portrait":false,"produkte":false},"uagb_author_info":{"display_name":"sonia","author_link":"https:\/\/aero-x.ch\/en\/author\/sonia\/"},"uagb_comment_info":0,"uagb_excerpt":null,"_links":{"self":[{"href":"https:\/\/aero-x.ch\/en\/wp-json\/wp\/v2\/pages\/1796","targetHints":{"allow":["GET"]}}],"collection":[{"href":"https:\/\/aero-x.ch\/en\/wp-json\/wp\/v2\/pages"}],"about":[{"href":"https:\/\/aero-x.ch\/en\/wp-json\/wp\/v2\/types\/page"}],"author":[{"embeddable":true,"href":"https:\/\/aero-x.ch\/en\/wp-json\/wp\/v2\/users\/2"}],"replies":[{"embeddable":true,"href":"https:\/\/aero-x.ch\/en\/wp-json\/wp\/v2\/comments?post=1796"}],"version-history":[{"count":0,"href":"https:\/\/aero-x.ch\/en\/wp-json\/wp\/v2\/pages\/1796\/revisions"}],"wp:attachment":[{"href":"https:\/\/aero-x.ch\/en\/wp-json\/wp\/v2\/media?parent=1796"}],"curies":[{"name":"wp","href":"https:\/\/api.w.org\/{rel}","templated":true}]}}